{"id":6658,"date":"2024-02-21T12:52:24","date_gmt":"2024-02-21T17:52:24","guid":{"rendered":"https:\/\/asambleaalide.org\/Asambleas\/alide54\/?page_id=6658"},"modified":"2024-02-21T12:54:52","modified_gmt":"2024-02-21T17:54:52","slug":"expositores","status":"publish","type":"page","link":"https:\/\/asambleaalide.org\/Asambleas\/alide54\/expositores\/","title":{"rendered":"Expositores"},"content":{"rendered":"\t\t<div data-elementor-type=\"wp-page\" data-elementor-id=\"6658\" class=\"elementor elementor-6658\" data-elementor-post-type=\"page\">\n\t\t\t\t\t\t<section data-particle_enable=\"false\" data-particle-mobile-disabled=\"false\" class=\"elementor-section elementor-top-section elementor-element elementor-element-2076c18 elementor-section-full_width elementor-section-height-default elementor-section-height-default\" data-id=\"2076c18\" data-element_type=\"section\" data-settings=\"{&quot;background_background&quot;:&quot;classic&quot;}\">\n\t\t\t\t\t\t\t<div class=\"elementor-background-overlay\"><\/div>\n\t\t\t\t\t\t\t<div class=\"elementor-container elementor-column-gap-default\">\n\t\t\t\t\t<div class=\"elementor-column elementor-col-100 elementor-top-column elementor-element elementor-element-614a088\" data-id=\"614a088\" data-element_type=\"column\">\n\t\t\t<div class=\"elementor-widget-wrap elementor-element-populated\">\n\t\t\t\t\t\t<section data-particle_enable=\"false\" data-particle-mobile-disabled=\"false\" class=\"elementor-section elementor-inner-section elementor-element elementor-element-cb1aed3 elementor-section-boxed elementor-section-height-default elementor-section-height-default\" data-id=\"cb1aed3\" data-element_type=\"section\">\n\t\t\t\t\t\t<div class=\"elementor-container elementor-column-gap-default\">\n\t\t\t\t\t<div class=\"elementor-column elementor-col-50 elementor-inner-column elementor-element elementor-element-dbd5f17\" data-id=\"dbd5f17\" data-element_type=\"column\">\n\t\t\t<div class=\"elementor-widget-wrap elementor-element-populated\">\n\t\t\t\t\t\t<div class=\"elementor-element elementor-element-78d3d8a elementor-widget elementor-widget-text-editor\" data-id=\"78d3d8a\" data-element_type=\"widget\" data-widget_type=\"text-editor.default\">\n\t\t\t\t<div class=\"elementor-widget-container\">\n\t\t\t<style>\/*! elementor - v3.19.0 - 07-02-2024 *\/\n.elementor-widget-text-editor.elementor-drop-cap-view-stacked .elementor-drop-cap{background-color:#69727d;color:#fff}.elementor-widget-text-editor.elementor-drop-cap-view-framed .elementor-drop-cap{color:#69727d;border:3px solid;background-color:transparent}.elementor-widget-text-editor:not(.elementor-drop-cap-view-default) .elementor-drop-cap{margin-top:8px}.elementor-widget-text-editor:not(.elementor-drop-cap-view-default) .elementor-drop-cap-letter{width:1em;height:1em}.elementor-widget-text-editor .elementor-drop-cap{float:left;text-align:center;line-height:1;font-size:50px}.elementor-widget-text-editor .elementor-drop-cap-letter{display:inline-block}<\/style>\t\t\t\tEXPOSITORES\t\t\t\t\t\t<\/div>\n\t\t\t\t<\/div>\n\t\t\t\t\t<\/div>\n\t\t<\/div>\n\t\t\t\t<div class=\"elementor-column elementor-col-50 elementor-inner-column elementor-element elementor-element-26d304f\" data-id=\"26d304f\" data-element_type=\"column\">\n\t\t\t<div class=\"elementor-widget-wrap elementor-element-populated\">\n\t\t\t\t\t\t<div class=\"elementor-element elementor-element-227c4c4 elementor-widget elementor-widget-text-editor\" data-id=\"227c4c4\" data-element_type=\"widget\" data-widget_type=\"text-editor.default\">\n\t\t\t\t<div class=\"elementor-widget-container\">\n\t\t\t\t\t\t\t<span style=\"color: #00ccff;\"><a style=\"color: #00ccff;\" href=\"https:\/\/asambleaalide.org\/Asambleas\/alide54\/\">INICIO<\/a><\/span> \/ EXPOSITORES\t\t\t\t\t\t<\/div>\n\t\t\t\t<\/div>\n\t\t\t\t\t<\/div>\n\t\t<\/div>\n\t\t\t\t\t<\/div>\n\t\t<\/section>\n\t\t\t\t\t<\/div>\n\t\t<\/div>\n\t\t\t\t\t<\/div>\n\t\t<\/section>\n\t\t\t\t<section data-particle_enable=\"false\" data-particle-mobile-disabled=\"false\" class=\"elementor-section elementor-top-section elementor-element elementor-element-e5049c8 elementor-section-boxed elementor-section-height-default elementor-section-height-default\" data-id=\"e5049c8\" data-element_type=\"section\">\n\t\t\t\t\t\t<div class=\"elementor-container elementor-column-gap-default\">\n\t\t\t\t\t<div class=\"elementor-column elementor-col-100 elementor-top-column elementor-element elementor-element-fdf027a\" data-id=\"fdf027a\" data-element_type=\"column\">\n\t\t\t<div class=\"elementor-widget-wrap elementor-element-populated\">\n\t\t\t\t\t\t<div class=\"elementor-element elementor-element-98e758e elementor-widget elementor-widget-text-editor\" data-id=\"98e758e\" data-element_type=\"widget\" data-widget_type=\"text-editor.default\">\n\t\t\t\t<div class=\"elementor-widget-container\">\n\t\t\t\t\t\t\tDistinguidos expositores de la comunidad financiera internacional examinar\u00e1n los <BR\/>puntos del temario a trav\u00e9s de presentaciones, conferencias y paneles.\t\t\t\t\t\t<\/div>\n\t\t\t\t<\/div>\n\t\t\t\t\t<\/div>\n\t\t<\/div>\n\t\t\t\t\t<\/div>\n\t\t<\/section>\n\t\t\t\t<section data-particle_enable=\"false\" data-particle-mobile-disabled=\"false\" class=\"elementor-section elementor-top-section elementor-element elementor-element-f24b1ab elementor-section-full_width elementor-section-height-default elementor-section-height-default\" data-id=\"f24b1ab\" data-element_type=\"section\">\n\t\t\t\t\t\t<div class=\"elementor-container elementor-column-gap-default\">\n\t\t\t\t\t<div class=\"elementor-column elementor-col-100 elementor-top-column elementor-element elementor-element-a2d3c65\" data-id=\"a2d3c65\" data-element_type=\"column\">\n\t\t\t<div class=\"elementor-widget-wrap elementor-element-populated\">\n\t\t\t\t\t\t<div class=\"elementor-element elementor-element-43e717c elementor-widget elementor-widget-template\" data-id=\"43e717c\" data-element_type=\"widget\" data-widget_type=\"template.default\">\n\t\t\t\t<div class=\"elementor-widget-container\">\n\t\t\t\t\t<div class=\"elementor-template\">\n\t\t\t\t\t<div data-elementor-type=\"footer\" data-elementor-id=\"6564\" class=\"elementor elementor-6564\" data-elementor-post-type=\"elementor_library\">\n\t\t\t\t\t<div class=\"elementor-section-wrap\">\n\t\t\t\t\t\t\t\t<section data-particle_enable=\"false\" data-particle-mobile-disabled=\"false\" class=\"elementor-section elementor-top-section elementor-element elementor-element-916009d elementor-section-full_width elementor-section-height-default elementor-section-height-default\" data-id=\"916009d\" data-element_type=\"section\" data-settings=\"{&quot;background_background&quot;:&quot;classic&quot;}\">\n\t\t\t\t\t\t<div class=\"elementor-container elementor-column-gap-default\">\n\t\t\t\t\t<div class=\"elementor-column elementor-col-100 elementor-top-column elementor-element elementor-element-3ecf80c\" data-id=\"3ecf80c\" data-element_type=\"column\">\n\t\t\t<div class=\"elementor-widget-wrap elementor-element-populated\">\n\t\t\t\t\t\t<section data-particle_enable=\"false\" data-particle-mobile-disabled=\"false\" class=\"elementor-section elementor-inner-section elementor-element elementor-element-40df85d elementor-section-boxed elementor-section-height-default elementor-section-height-default\" data-id=\"40df85d\" data-element_type=\"section\">\n\t\t\t\t\t\t<div class=\"elementor-container elementor-column-gap-default\">\n\t\t\t\t\t<div class=\"elementor-column elementor-col-100 elementor-inner-column elementor-element elementor-element-c7ec357\" data-id=\"c7ec357\" data-element_type=\"column\">\n\t\t\t<div class=\"elementor-widget-wrap elementor-element-populated\">\n\t\t\t\t\t\t<div class=\"elementor-element elementor-element-c3aba08 elementor-widget elementor-widget-image\" data-id=\"c3aba08\" data-element_type=\"widget\" data-widget_type=\"image.default\">\n\t\t\t\t<div class=\"elementor-widget-container\">\n\t\t\t<style>\/*! elementor - v3.19.0 - 07-02-2024 *\/\n.elementor-widget-image{text-align:center}.elementor-widget-image a{display:inline-block}.elementor-widget-image a img[src$=\".svg\"]{width:48px}.elementor-widget-image img{vertical-align:middle;display:inline-block}<\/style>\t\t\t\t\t\t\t\t\t\t<img fetchpriority=\"high\" decoding=\"async\" width=\"944\" height=\"272\" src=\"https:\/\/asambleaalide.org\/Asambleas\/alide54\/wp-content\/uploads\/2024\/02\/logoinf.png\" class=\"attachment-large size-large wp-image-6897\" alt=\"\" srcset=\"https:\/\/asambleaalide.org\/Asambleas\/alide54\/wp-content\/uploads\/2024\/02\/logoinf.png 944w, https:\/\/asambleaalide.org\/Asambleas\/alide54\/wp-content\/uploads\/2024\/02\/logoinf-300x86.png 300w, https:\/\/asambleaalide.org\/Asambleas\/alide54\/wp-content\/uploads\/2024\/02\/logoinf-768x221.png 768w\" sizes=\"(max-width: 944px) 100vw, 944px\" \/>\t\t\t\t\t\t\t\t\t\t\t\t\t<\/div>\n\t\t\t\t<\/div>\n\t\t\t\t\t<\/div>\n\t\t<\/div>\n\t\t\t\t\t<\/div>\n\t\t<\/section>\n\t\t\t\t<section data-particle_enable=\"false\" data-particle-mobile-disabled=\"false\" class=\"elementor-section elementor-inner-section elementor-element elementor-element-bc0b057 elementor-section-boxed elementor-section-height-default elementor-section-height-default\" data-id=\"bc0b057\" data-element_type=\"section\">\n\t\t\t\t\t\t<div class=\"elementor-container elementor-column-gap-default\">\n\t\t\t\t\t<div class=\"elementor-column elementor-col-50 elementor-inner-column elementor-element elementor-element-7dbf3a0\" data-id=\"7dbf3a0\" data-element_type=\"column\">\n\t\t\t<div class=\"elementor-widget-wrap elementor-element-populated\">\n\t\t\t\t\t\t<div class=\"elementor-element elementor-element-c81e261 elementor-widget elementor-widget-html\" data-id=\"c81e261\" data-element_type=\"widget\" data-widget_type=\"html.default\">\n\t\t\t\t<div class=\"elementor-widget-container\">\n\t\t\t<span style=\"color: #a6193c;\"><strong>LUGAR Y FECHA<\/strong><\/span><br><br>\r\n\r\nPor invitaci\u00f3n del Banco do Nordeste do Brasil la Reuni\u00f3n de la Asamblea General de ALIDE 2024, se llevar\u00e1 a cabo en la sede del BNB, en su Centro Administrativo Presidente Get\u00falio Vargas, Av. Dr. Silas Munguba, 5700 \u2013 Passar\u00e9, Fortaleza, Brasil, del mi\u00e9rcoles 15 al viernes 17 de mayo de 2024.\t\t<\/div>\n\t\t\t\t<\/div>\n\t\t\t\t\t<\/div>\n\t\t<\/div>\n\t\t\t\t<div class=\"elementor-column elementor-col-50 elementor-inner-column elementor-element elementor-element-c7ae66e\" data-id=\"c7ae66e\" data-element_type=\"column\">\n\t\t\t<div class=\"elementor-widget-wrap elementor-element-populated\">\n\t\t\t\t\t\t<div class=\"elementor-element elementor-element-e75595d elementor-widget elementor-widget-html\" data-id=\"e75595d\" data-element_type=\"widget\" data-widget_type=\"html.default\">\n\t\t\t\t<div class=\"elementor-widget-container\">\n\t\t\t<div align=\"right\">\r\n\r\n<span style=\"color: #a6193c;\"><strong>CONTACTO<\/strong><\/span><BR\/><BR\/>\r\n\r\nALIDE<BR\/>\r\n<strong>Marlene Zamora<\/strong><BR\/>\r\nJefe, Unidad de Conferencias<BR\/>\r\nTel\u00e9fono: (51-1) 203-5520 ext. 216.<BR\/>\r\nE-mail:\u00a0<a style=\"color: #000;\" href=\"mailto:mzamora@alide.org\">mzamora@alide.org<\/a>\u00a0 \u00a0\/\u00a0 \u00a0<a style=\"color: #000;\" href=\"http:\/\/www.alide.org\">www.alide.org<\/a>\r\n\r\n<\/div>\t\t<\/div>\n\t\t\t\t<\/div>\n\t\t\t\t\t<\/div>\n\t\t<\/div>\n\t\t\t\t\t<\/div>\n\t\t<\/section>\n\t\t\t\t<section data-particle_enable=\"false\" data-particle-mobile-disabled=\"false\" class=\"elementor-section elementor-inner-section elementor-element elementor-element-9474ff6 elementor-section-boxed elementor-section-height-default elementor-section-height-default\" data-id=\"9474ff6\" data-element_type=\"section\">\n\t\t\t\t\t\t<div class=\"elementor-container elementor-column-gap-default\">\n\t\t\t\t\t<div class=\"elementor-column elementor-col-100 elementor-inner-column elementor-element elementor-element-c4f7816\" data-id=\"c4f7816\" data-element_type=\"column\">\n\t\t\t<div class=\"elementor-widget-wrap elementor-element-populated\">\n\t\t\t\t\t\t<div class=\"elementor-element elementor-element-84d235a elementor-shape-circle elementor-grid-0 e-grid-align-center elementor-widget elementor-widget-social-icons\" data-id=\"84d235a\" data-element_type=\"widget\" data-widget_type=\"social-icons.default\">\n\t\t\t\t<div class=\"elementor-widget-container\">\n\t\t\t<style>\/*! elementor - v3.19.0 - 07-02-2024 *\/\n.elementor-widget-social-icons.elementor-grid-0 .elementor-widget-container,.elementor-widget-social-icons.elementor-grid-mobile-0 .elementor-widget-container,.elementor-widget-social-icons.elementor-grid-tablet-0 .elementor-widget-container{line-height:1;font-size:0}.elementor-widget-social-icons:not(.elementor-grid-0):not(.elementor-grid-tablet-0):not(.elementor-grid-mobile-0) .elementor-grid{display:inline-grid}.elementor-widget-social-icons .elementor-grid{grid-column-gap:var(--grid-column-gap,5px);grid-row-gap:var(--grid-row-gap,5px);grid-template-columns:var(--grid-template-columns);justify-content:var(--justify-content,center);justify-items:var(--justify-content,center)}.elementor-icon.elementor-social-icon{font-size:var(--icon-size,25px);line-height:var(--icon-size,25px);width:calc(var(--icon-size, 25px) + 2 * var(--icon-padding, .5em));height:calc(var(--icon-size, 25px) + 2 * var(--icon-padding, .5em))}.elementor-social-icon{--e-social-icon-icon-color:#fff;display:inline-flex;background-color:#69727d;align-items:center;justify-content:center;text-align:center;cursor:pointer}.elementor-social-icon i{color:var(--e-social-icon-icon-color)}.elementor-social-icon svg{fill:var(--e-social-icon-icon-color)}.elementor-social-icon:last-child{margin:0}.elementor-social-icon:hover{opacity:.9;color:#fff}.elementor-social-icon-android{background-color:#a4c639}.elementor-social-icon-apple{background-color:#999}.elementor-social-icon-behance{background-color:#1769ff}.elementor-social-icon-bitbucket{background-color:#205081}.elementor-social-icon-codepen{background-color:#000}.elementor-social-icon-delicious{background-color:#39f}.elementor-social-icon-deviantart{background-color:#05cc47}.elementor-social-icon-digg{background-color:#005be2}.elementor-social-icon-dribbble{background-color:#ea4c89}.elementor-social-icon-elementor{background-color:#d30c5c}.elementor-social-icon-envelope{background-color:#ea4335}.elementor-social-icon-facebook,.elementor-social-icon-facebook-f{background-color:#3b5998}.elementor-social-icon-flickr{background-color:#0063dc}.elementor-social-icon-foursquare{background-color:#2d5be3}.elementor-social-icon-free-code-camp,.elementor-social-icon-freecodecamp{background-color:#006400}.elementor-social-icon-github{background-color:#333}.elementor-social-icon-gitlab{background-color:#e24329}.elementor-social-icon-globe{background-color:#69727d}.elementor-social-icon-google-plus,.elementor-social-icon-google-plus-g{background-color:#dd4b39}.elementor-social-icon-houzz{background-color:#7ac142}.elementor-social-icon-instagram{background-color:#262626}.elementor-social-icon-jsfiddle{background-color:#487aa2}.elementor-social-icon-link{background-color:#818a91}.elementor-social-icon-linkedin,.elementor-social-icon-linkedin-in{background-color:#0077b5}.elementor-social-icon-medium{background-color:#00ab6b}.elementor-social-icon-meetup{background-color:#ec1c40}.elementor-social-icon-mixcloud{background-color:#273a4b}.elementor-social-icon-odnoklassniki{background-color:#f4731c}.elementor-social-icon-pinterest{background-color:#bd081c}.elementor-social-icon-product-hunt{background-color:#da552f}.elementor-social-icon-reddit{background-color:#ff4500}.elementor-social-icon-rss{background-color:#f26522}.elementor-social-icon-shopping-cart{background-color:#4caf50}.elementor-social-icon-skype{background-color:#00aff0}.elementor-social-icon-slideshare{background-color:#0077b5}.elementor-social-icon-snapchat{background-color:#fffc00}.elementor-social-icon-soundcloud{background-color:#f80}.elementor-social-icon-spotify{background-color:#2ebd59}.elementor-social-icon-stack-overflow{background-color:#fe7a15}.elementor-social-icon-steam{background-color:#00adee}.elementor-social-icon-stumbleupon{background-color:#eb4924}.elementor-social-icon-telegram{background-color:#2ca5e0}.elementor-social-icon-thumb-tack{background-color:#1aa1d8}.elementor-social-icon-tripadvisor{background-color:#589442}.elementor-social-icon-tumblr{background-color:#35465c}.elementor-social-icon-twitch{background-color:#6441a5}.elementor-social-icon-twitter{background-color:#1da1f2}.elementor-social-icon-viber{background-color:#665cac}.elementor-social-icon-vimeo{background-color:#1ab7ea}.elementor-social-icon-vk{background-color:#45668e}.elementor-social-icon-weibo{background-color:#dd2430}.elementor-social-icon-weixin{background-color:#31a918}.elementor-social-icon-whatsapp{background-color:#25d366}.elementor-social-icon-wordpress{background-color:#21759b}.elementor-social-icon-xing{background-color:#026466}.elementor-social-icon-yelp{background-color:#af0606}.elementor-social-icon-youtube{background-color:#cd201f}.elementor-social-icon-500px{background-color:#0099e5}.elementor-shape-rounded .elementor-icon.elementor-social-icon{border-radius:10%}.elementor-shape-circle .elementor-icon.elementor-social-icon{border-radius:50%}<\/style>\t\t<div class=\"elementor-social-icons-wrapper elementor-grid\">\n\t\t\t\t\t\t\t<span class=\"elementor-grid-item\">\n\t\t\t\t\t<a class=\"elementor-icon elementor-social-icon elementor-social-icon-facebook elementor-animation-pulse elementor-repeater-item-bbb256c\" href=\"https:\/\/www.facebook.com\/alideoficial\/\" target=\"_blank\">\n\t\t\t\t\t\t<span class=\"elementor-screen-only\">Facebook<\/span>\n\t\t\t\t\t\t<i class=\"fab fa-facebook\"><\/i>\t\t\t\t\t<\/a>\n\t\t\t\t<\/span>\n\t\t\t\t\t\t\t<span class=\"elementor-grid-item\">\n\t\t\t\t\t<a class=\"elementor-icon elementor-social-icon elementor-social-icon- elementor-animation-pulse elementor-repeater-item-efe3f83\" target=\"_blank\">\n\t\t\t\t\t\t<span class=\"elementor-screen-only\"><\/span>\n\t\t\t\t\t\t<svg xmlns=\"http:\/\/www.w3.org\/2000\/svg\" xmlns:xlink=\"http:\/\/www.w3.org\/1999\/xlink\" id=\"twitter\" x=\"0px\" y=\"0px\" viewBox=\"0 0 512 457.9\" style=\"enable-background:new 0 0 512 457.9;\" xml:space=\"preserve\"><style type=\"text\/css\">\t.st0{fill:none;}\t.st1{fill:#00ADEE;}<\/style><rect y=\"-28.9\" class=\"st0\" width=\"512\" height=\"512\"><\/rect><path class=\"st1\" d=\"M401,4.9h76.5L310.3,195.9l196.7,260H353L232.4,298.2l-138,157.7H17.9l178.8-204.4L8,4.9h157.9l109,144.1 L401,4.9z M374.1,410.1h42.4L142.9,48.3H97.4L374.1,410.1z\"><\/path><\/svg>\t\t\t\t\t<\/a>\n\t\t\t\t<\/span>\n\t\t\t\t\t\t\t<span class=\"elementor-grid-item\">\n\t\t\t\t\t<a class=\"elementor-icon elementor-social-icon elementor-social-icon-youtube elementor-animation-pulse elementor-repeater-item-023eddf\" href=\"https:\/\/www.youtube.com\/user\/ALIDEVIDEOS\" target=\"_blank\">\n\t\t\t\t\t\t<span class=\"elementor-screen-only\">Youtube<\/span>\n\t\t\t\t\t\t<i class=\"fab fa-youtube\"><\/i>\t\t\t\t\t<\/a>\n\t\t\t\t<\/span>\n\t\t\t\t\t\t\t<span class=\"elementor-grid-item\">\n\t\t\t\t\t<a class=\"elementor-icon elementor-social-icon elementor-social-icon-linkedin elementor-animation-pulse elementor-repeater-item-fca750e\" href=\"https:\/\/www.linkedin.com\/company\/alide---asociaci-n-latinoamericana-de-instituciones-financieras-para-el-desarrollo?trk=fc_badge&#038;original_referer=\" target=\"_blank\">\n\t\t\t\t\t\t<span class=\"elementor-screen-only\">Linkedin<\/span>\n\t\t\t\t\t\t<i class=\"fab fa-linkedin\"><\/i>\t\t\t\t\t<\/a>\n\t\t\t\t<\/span>\n\t\t\t\t\t<\/div>\n\t\t\t\t<\/div>\n\t\t\t\t<\/div>\n\t\t\t\t\t<\/div>\n\t\t<\/div>\n\t\t\t\t\t<\/div>\n\t\t<\/section>\n\t\t\t\t\t<\/div>\n\t\t<\/div>\n\t\t\t\t\t<\/div>\n\t\t<\/section>\n\t\t\t\t\t\t\t<\/div>\n\t\t\t\t<\/div>\n\t\t\t\t<\/div>\n\t\t\t\t<\/div>\n\t\t\t\t<\/div>\n\t\t\t\t\t<\/div>\n\t\t<\/div>\n\t\t\t\t\t<\/div>\n\t\t<\/section>\n\t\t\t\t<\/div>\n\t\t","protected":false},"excerpt":{"rendered":"<p>EXPOSITORESINICIO \/ EXPOSITORESDistinguidos expositores de la comunidad financiera internacional examinar\u00e1n los puntos del temario a trav\u00e9s de presentaciones, conferencias y paneles.<\/p>\n","protected":false},"author":2,"featured_media":0,"parent":0,"menu_order":0,"comment_status":"closed","ping_status":"closed","template":"elementor_header_footer","meta":{"footnotes":""},"yoast_head":"<!-- This site is optimized with the Yoast SEO plugin v22.7 - https:\/\/yoast.com\/wordpress\/plugins\/seo\/ -->\n<title>Expositores - ALIDE 54<\/title>\n<meta name=\"robots\" content=\"index, follow, max-snippet:-1, max-image-preview:large, max-video-preview:-1\" \/>\n<link rel=\"canonical\" href=\"https:\/\/asambleaalide.org\/Asambleas\/alide54\/expositores\/\" \/>\n<meta property=\"og:locale\" content=\"es_ES\" \/>\n<meta property=\"og:type\" content=\"article\" \/>\n<meta property=\"og:title\" content=\"Expositores - ALIDE 54\" \/>\n<meta property=\"og:description\" content=\"EXPOSITORESINICIO \/ EXPOSITORESDistinguidos expositores de la comunidad financiera internacional examinar\u00e1n los puntos del temario a trav\u00e9s de presentaciones, conferencias y paneles.\" \/>\n<meta property=\"og:url\" content=\"https:\/\/asambleaalide.org\/Asambleas\/alide54\/expositores\/\" \/>\n<meta property=\"og:site_name\" content=\"ALIDE 54\" \/>\n<meta property=\"article:modified_time\" content=\"2024-02-21T17:54:52+00:00\" \/>\n<meta name=\"twitter:card\" content=\"summary_large_image\" \/>\n<meta name=\"twitter:label1\" content=\"Est. reading time\" \/>\n\t<meta name=\"twitter:data1\" content=\"5 minutos\" \/>\n<script type=\"application\/ld+json\" class=\"yoast-schema-graph\">{\"@context\":\"https:\/\/schema.org\",\"@graph\":[{\"@type\":\"WebPage\",\"@id\":\"https:\/\/asambleaalide.org\/Asambleas\/alide54\/expositores\/\",\"url\":\"https:\/\/asambleaalide.org\/Asambleas\/alide54\/expositores\/\",\"name\":\"Expositores - ALIDE 54\",\"isPartOf\":{\"@id\":\"https:\/\/asambleaalide.org\/Asambleas\/alide54\/#website\"},\"datePublished\":\"2024-02-21T17:52:24+00:00\",\"dateModified\":\"2024-02-21T17:54:52+00:00\",\"breadcrumb\":{\"@id\":\"https:\/\/asambleaalide.org\/Asambleas\/alide54\/expositores\/#breadcrumb\"},\"inLanguage\":\"es\",\"potentialAction\":[{\"@type\":\"ReadAction\",\"target\":[\"https:\/\/asambleaalide.org\/Asambleas\/alide54\/expositores\/\"]}]},{\"@type\":\"BreadcrumbList\",\"@id\":\"https:\/\/asambleaalide.org\/Asambleas\/alide54\/expositores\/#breadcrumb\",\"itemListElement\":[{\"@type\":\"ListItem\",\"position\":1,\"name\":\"Portada\",\"item\":\"https:\/\/asambleaalide.org\/Asambleas\/alide54\/\"},{\"@type\":\"ListItem\",\"position\":2,\"name\":\"Expositores\"}]},{\"@type\":\"WebSite\",\"@id\":\"https:\/\/asambleaalide.org\/Asambleas\/alide54\/#website\",\"url\":\"https:\/\/asambleaalide.org\/Asambleas\/alide54\/\",\"name\":\"ALIDE 54\",\"description\":\"ALIDE 54\",\"potentialAction\":[{\"@type\":\"SearchAction\",\"target\":{\"@type\":\"EntryPoint\",\"urlTemplate\":\"https:\/\/asambleaalide.org\/Asambleas\/alide54\/?s={search_term_string}\"},\"query-input\":\"required name=search_term_string\"}],\"inLanguage\":\"es\"}]}<\/script>\n<!-- \/ Yoast SEO plugin. -->","yoast_head_json":{"title":"Expositores - ALIDE 54","robots":{"index":"index","follow":"follow","max-snippet":"max-snippet:-1","max-image-preview":"max-image-preview:large","max-video-preview":"max-video-preview:-1"},"canonical":"https:\/\/asambleaalide.org\/Asambleas\/alide54\/expositores\/","og_locale":"es_ES","og_type":"article","og_title":"Expositores - ALIDE 54","og_description":"EXPOSITORESINICIO \/ EXPOSITORESDistinguidos expositores de la comunidad financiera internacional examinar\u00e1n los puntos del temario a trav\u00e9s de presentaciones, conferencias y paneles.","og_url":"https:\/\/asambleaalide.org\/Asambleas\/alide54\/expositores\/","og_site_name":"ALIDE 54","article_modified_time":"2024-02-21T17:54:52+00:00","twitter_card":"summary_large_image","twitter_misc":{"Est. reading time":"5 minutos"},"schema":{"@context":"https:\/\/schema.org","@graph":[{"@type":"WebPage","@id":"https:\/\/asambleaalide.org\/Asambleas\/alide54\/expositores\/","url":"https:\/\/asambleaalide.org\/Asambleas\/alide54\/expositores\/","name":"Expositores - ALIDE 54","isPartOf":{"@id":"https:\/\/asambleaalide.org\/Asambleas\/alide54\/#website"},"datePublished":"2024-02-21T17:52:24+00:00","dateModified":"2024-02-21T17:54:52+00:00","breadcrumb":{"@id":"https:\/\/asambleaalide.org\/Asambleas\/alide54\/expositores\/#breadcrumb"},"inLanguage":"es","potentialAction":[{"@type":"ReadAction","target":["https:\/\/asambleaalide.org\/Asambleas\/alide54\/expositores\/"]}]},{"@type":"BreadcrumbList","@id":"https:\/\/asambleaalide.org\/Asambleas\/alide54\/expositores\/#breadcrumb","itemListElement":[{"@type":"ListItem","position":1,"name":"Portada","item":"https:\/\/asambleaalide.org\/Asambleas\/alide54\/"},{"@type":"ListItem","position":2,"name":"Expositores"}]},{"@type":"WebSite","@id":"https:\/\/asambleaalide.org\/Asambleas\/alide54\/#website","url":"https:\/\/asambleaalide.org\/Asambleas\/alide54\/","name":"ALIDE 54","description":"ALIDE 54","potentialAction":[{"@type":"SearchAction","target":{"@type":"EntryPoint","urlTemplate":"https:\/\/asambleaalide.org\/Asambleas\/alide54\/?s={search_term_string}"},"query-input":"required name=search_term_string"}],"inLanguage":"es"}]}},"_links":{"self":[{"href":"https:\/\/asambleaalide.org\/Asambleas\/alide54\/wp-json\/wp\/v2\/pages\/6658"}],"collection":[{"href":"https:\/\/asambleaalide.org\/Asambleas\/alide54\/wp-json\/wp\/v2\/pages"}],"about":[{"href":"https:\/\/asambleaalide.org\/Asambleas\/alide54\/wp-json\/wp\/v2\/types\/page"}],"author":[{"embeddable":true,"href":"https:\/\/asambleaalide.org\/Asambleas\/alide54\/wp-json\/wp\/v2\/users\/2"}],"replies":[{"embeddable":true,"href":"https:\/\/asambleaalide.org\/Asambleas\/alide54\/wp-json\/wp\/v2\/comments?post=6658"}],"version-history":[{"count":4,"href":"https:\/\/asambleaalide.org\/Asambleas\/alide54\/wp-json\/wp\/v2\/pages\/6658\/revisions"}],"predecessor-version":[{"id":6662,"href":"https:\/\/asambleaalide.org\/Asambleas\/alide54\/wp-json\/wp\/v2\/pages\/6658\/revisions\/6662"}],"wp:attachment":[{"href":"https:\/\/asambleaalide.org\/Asambleas\/alide54\/wp-json\/wp\/v2\/media?parent=6658"}],"curies":[{"name":"wp","href":"https:\/\/api.w.org\/{rel}","templated":true}]}}