{"id":5782,"date":"2023-03-16T08:25:53","date_gmt":"2023-03-16T13:25:53","guid":{"rendered":"https:\/\/asambleaalide.org\/Asambleas\/alide_53\/?page_id=5782"},"modified":"2023-04-19T09:04:09","modified_gmt":"2023-04-19T14:04:09","slug":"registro","status":"publish","type":"page","link":"https:\/\/asambleaalide.org\/Asambleas\/alide_53\/registro\/","title":{"rendered":"REGISTRO"},"content":{"rendered":"<h2>REGISTRO<\/h2>\n<p style=\"text-align: rigth;\"><a href=\"https:\/\/asambleaalide.org\/Asambleas\/alide_53\/\">Inicio <\/a> \/ Registro<\/p>\n<div role=\"form\" class=\"wpcf7\" id=\"wpcf7-f5788-o1\" lang=\"es-PE\" dir=\"ltr\">\n<div class=\"screen-reader-response\"><p role=\"status\" aria-live=\"polite\" aria-atomic=\"true\"><\/p> <ul><\/ul><\/div>\n<form action=\"\/Asambleas\/alide_53\/wp-json\/wp\/v2\/pages\/5782#wpcf7-f5788-o1\" method=\"post\" class=\"wpcf7-form init\" novalidate=\"novalidate\" data-status=\"init\">\n<div style=\"display: none;\">\n<input type=\"hidden\" name=\"_wpcf7\" value=\"5788\" \/>\n<input type=\"hidden\" name=\"_wpcf7_version\" value=\"5.6.3\" \/>\n<input type=\"hidden\" name=\"_wpcf7_locale\" value=\"es_PE\" \/>\n<input type=\"hidden\" name=\"_wpcf7_unit_tag\" value=\"wpcf7-f5788-o1\" \/>\n<input type=\"hidden\" name=\"_wpcf7_container_post\" value=\"0\" \/>\n<input type=\"hidden\" name=\"_wpcf7_posted_data_hash\" value=\"\" \/>\n<\/div>\n<h4 style=\"background-color: #02a8c2;  color: #fff; padding: 10px; margin-bottom: 20px;\">DATOS DEL PARTICIPANTE<\/h4>\n<p><span class=\"wpcf7-form-control-wrap\" data-name=\"text-902\"><input type=\"text\" name=\"text-902\" value=\"\" size=\"40\" class=\"wpcf7-form-control wpcf7-text\" aria-invalid=\"false\" placeholder=\"Nombre\" \/><\/span><br \/>\n<span class=\"wpcf7-form-control-wrap\" data-name=\"text-903\"><input type=\"text\" name=\"text-903\" value=\"\" size=\"40\" class=\"wpcf7-form-control wpcf7-text\" aria-invalid=\"false\" placeholder=\"Apellido\" \/><\/span><br \/>\n<span class=\"wpcf7-form-control-wrap\" data-name=\"text-964\"><input type=\"text\" name=\"text-964\" value=\"\" size=\"40\" class=\"wpcf7-form-control wpcf7-text\" aria-invalid=\"false\" placeholder=\"Instituci\u00f3n\" \/><\/span><br \/>\n<span class=\"wpcf7-form-control-wrap\" data-name=\"text-965\"><input type=\"text\" name=\"text-965\" value=\"\" size=\"40\" class=\"wpcf7-form-control wpcf7-text\" aria-invalid=\"false\" placeholder=\"Cargo\" \/><\/span><br \/>\n<span class=\"wpcf7-form-control-wrap\" data-name=\"text-974\"><input type=\"text\" name=\"text-974\" value=\"\" size=\"40\" class=\"wpcf7-form-control wpcf7-text\" aria-invalid=\"false\" placeholder=\"Direcci\u00f3n institucional\" \/><\/span><br \/>\n<span class=\"wpcf7-form-control-wrap\" data-name=\"text-417\"><input type=\"text\" name=\"text-417\" value=\"\" size=\"40\" class=\"wpcf7-form-control wpcf7-text\" aria-invalid=\"false\" placeholder=\"Ciudad\" \/><\/span><\/p>\n<p><span class=\"wpcf7-form-control-wrap\" data-name=\"countrytext-680\"><input type=\"text\" name=\"countrytext-680\" value=\"Pa\u00eds\" size=\"40\" class=\"wpcf7-form-control wpcf7-text wpcf7-countrytext wpcf7-validates-as-countrytext\" aria-invalid=\"false\" \/><\/span><\/p>\n<p><span class=\"wpcf7-form-control-wrap\" data-name=\"tel-486\"><input type=\"tel\" name=\"tel-486\" value=\"Tel\u00e9fono (C\u00f3digo pa\u00eds\/\u00e1rea)\" size=\"40\" class=\"wpcf7-form-control wpcf7-text wpcf7-tel wpcf7-validates-as-tel\" aria-invalid=\"false\" \/><\/span><\/p>\n<p><span class=\"wpcf7-form-control-wrap\" data-name=\"number-61\"><input type=\"number\" name=\"number-61\" value=\"\" class=\"wpcf7-form-control wpcf7-number wpcf7-validates-as-number\" aria-invalid=\"false\" placeholder=\"N\u00famero de Pasaporte\" \/><\/span>  <\/p>\n<p><span class=\"wpcf7-form-control-wrap\" data-name=\"your-email\"><input type=\"email\" name=\"your-email\" value=\"\" size=\"40\" class=\"wpcf7-form-control wpcf7-text wpcf7-email wpcf7-validates-as-required wpcf7-validates-as-email\" aria-required=\"true\" aria-invalid=\"false\" placeholder=\"Email\" \/><\/span><br \/>\n<span class=\"wpcf7-form-control-wrap\" data-name=\"text-906\"><input type=\"text\" name=\"text-906\" value=\"\" size=\"40\" class=\"wpcf7-form-control wpcf7-text\" aria-invalid=\"false\" placeholder=\"Restricciones alimentarias\" \/><\/span><\/p>\n<p><span class=\"wpcf7-form-control-wrap\" data-name=\"text-714\"><input type=\"text\" name=\"text-714\" value=\"\" size=\"40\" class=\"wpcf7-form-control wpcf7-text\" aria-invalid=\"false\" placeholder=\"Nombre de acompa\u00f1ante\" \/><\/span><br \/>\n<span class=\"wpcf7-form-control-wrap\" data-name=\"text-715\"><input type=\"text\" name=\"text-715\" value=\"\" size=\"40\" class=\"wpcf7-form-control wpcf7-text\" aria-invalid=\"false\" placeholder=\"Tel\u00e9fono de acompa\u00f1ante\" \/><\/span><\/p>\n<h4 style=\"background-color: #02a8c2;  color: #fff; padding: 10px; margin-bottom: 20px;\" >DATOS DE VIAJE<\/h4>\n<p>Importante: esta informaci\u00f3n es para el control de la comit\u00e9 organizador y NO reemplaza la solicitud de reserva de alojamiento que debe ser efectuada directamente al hotel.<\/p>\n<p><strong>Hotel en que se hospedar\u00e1<\/strong><br\/><\/p>\n<p><span class=\"wpcf7-form-control-wrap\" data-name=\"radio-279\"><span class=\"wpcf7-form-control wpcf7-radio\"><span class=\"wpcf7-list-item first last\"><label><input type=\"radio\" name=\"radio-279\" value=\"COPANTL (hotel sede)\" checked=\"checked\" \/><span class=\"wpcf7-list-item-label\">COPANTL (hotel sede)<\/span><\/label><\/span><\/span><\/span><br \/>\n<span class=\"wpcf7-form-control-wrap\" data-name=\"radio-279\"><span class=\"wpcf7-form-control wpcf7-radio\"><span class=\"wpcf7-list-item first last\"><label><input type=\"radio\" name=\"radio-279\" value=\"Otro (favor indicar nombre)\" checked=\"checked\" \/><span class=\"wpcf7-list-item-label\">Otro (favor indicar nombre)<\/span><\/label><\/span><\/span><\/span><span class=\"wpcf7-form-control-wrap\" data-name=\"text-266\"><input type=\"text\" name=\"text-266\" value=\"\" size=\"40\" class=\"wpcf7-form-control wpcf7-text\" aria-invalid=\"false\" \/><\/span><\/p>\n<p><strong>Llegada<\/strong><br\/><br \/>\n<span class=\"wpcf7-form-control-wrap\" data-name=\"date-524\"><input type=\"date\" name=\"date-524\" value=\"\" class=\"wpcf7-form-control wpcf7-date wpcf7-validates-as-date\" aria-invalid=\"false\" placeholder=\"Fecha\" \/><\/span><br \/>\n<span class=\"wpcf7-form-control-wrap\" data-name=\"text-256\"><input type=\"text\" name=\"text-256\" value=\"\" size=\"40\" class=\"wpcf7-form-control wpcf7-text\" aria-invalid=\"false\" placeholder=\"L\u00ednea A\u00e9rea y No. de vuelo\u00b0\" \/><\/span><br \/>\n<span class=\"wpcf7-form-control-wrap\" data-name=\"text-257\"><input type=\"text\" name=\"text-257\" value=\"\" size=\"40\" class=\"wpcf7-form-control wpcf7-text\" aria-invalid=\"false\" placeholder=\"Hora (formato 24 horas)\" \/><\/span><\/p>\n<p><strong>Salida<\/strong><br\/><br \/>\n<span class=\"wpcf7-form-control-wrap\" data-name=\"date-528\"><input type=\"date\" name=\"date-528\" value=\"\" class=\"wpcf7-form-control wpcf7-date wpcf7-validates-as-date\" aria-invalid=\"false\" placeholder=\"Fecha\" \/><\/span><br \/>\n<span class=\"wpcf7-form-control-wrap\" data-name=\"text-259\"><input type=\"text\" name=\"text-259\" value=\"\" size=\"40\" class=\"wpcf7-form-control wpcf7-text\" aria-invalid=\"false\" placeholder=\"L\u00ednea A\u00e9rea y No. de vuelo\u00b0\" \/><\/span><br \/>\n<span class=\"wpcf7-form-control-wrap\" data-name=\"text-260\"><input type=\"text\" name=\"text-260\" value=\"\" size=\"40\" class=\"wpcf7-form-control wpcf7-text\" aria-invalid=\"false\" placeholder=\"Hora (formato 24 horas)\" \/><\/span><\/p>\n<p><span class=\"wpcf7-form-control-wrap\" data-name=\"checkbox-484\"><span class=\"wpcf7-form-control wpcf7-checkbox\"><span class=\"wpcf7-list-item first last\"><label><input type=\"checkbox\" name=\"checkbox-484[]\" value=\"Se enviar\u00e1n datos m\u00e1s adelante\" \/><span class=\"wpcf7-list-item-label\">Se enviar\u00e1n datos m\u00e1s adelante<\/span><\/label><\/span><\/span><\/span><\/p>\n<h4 style=\"background-color: #02a8c2;  color: #fff; padding: 10px; margin-bottom: 20px;\" >CUOTA DE INSCRIPCI\u00d3N<\/h4>\n<p>Marque con una \"X\" la opci\u00f3n que corresponda a su instituci\u00f3n.<\/p>\n<p><span class=\"wpcf7-form-control-wrap\" data-name=\"radio-549\"><span class=\"wpcf7-form-control wpcf7-radio\"><span class=\"wpcf7-list-item first last\"><label><input type=\"radio\" name=\"radio-549\" value=\"ALIDE Member : US$ 700\" checked=\"checked\" \/><span class=\"wpcf7-list-item-label\">ALIDE Member : US$ 700<\/span><\/label><\/span><\/span><\/span><br \/>\n<span class=\"wpcf7-form-control-wrap\" data-name=\"radio-549\"><span class=\"wpcf7-form-control wpcf7-radio\"><span class=\"wpcf7-list-item first last\"><label><input type=\"radio\" name=\"radio-549\" value=\"ALIDE Non member : US$ 1,000\" checked=\"checked\" \/><span class=\"wpcf7-list-item-label\">ALIDE Non member : US$ 1,000<\/span><\/label><\/span><\/span><\/span><br \/>\n<span class=\"wpcf7-form-control-wrap\" data-name=\"radio-549\"><span class=\"wpcf7-form-control wpcf7-radio\"><span class=\"wpcf7-list-item first last\"><label><input type=\"radio\" name=\"radio-549\" value=\"International organizations : Exempted\" checked=\"checked\" \/><span class=\"wpcf7-list-item-label\">International organizations : Exempted<\/span><\/label><\/span><\/span><\/span><br \/>\n<span class=\"wpcf7-form-control-wrap\" data-name=\"radio-549\"><span class=\"wpcf7-form-control wpcf7-radio\"><span class=\"wpcf7-list-item first last\"><label><input type=\"radio\" name=\"radio-549\" value=\"Honduras : US$ 300\" checked=\"checked\" \/><span class=\"wpcf7-list-item-label\">Honduras : US$ 300<\/span><\/label><\/span><\/span><\/span><br \/>\n<span class=\"wpcf7-form-control-wrap\" data-name=\"radio-549\"><span class=\"wpcf7-form-control wpcf7-radio\"><span class=\"wpcf7-list-item first last\"><label><input type=\"radio\" name=\"radio-549\" value=\"Virtual participation : US$ 150\" checked=\"checked\" \/><span class=\"wpcf7-list-item-label\">Virtual participation : US$ 150<\/span><\/label><\/span><\/span><\/span><\/p>\n<h4 style=\"background-color: #02a8c2;  color: #fff; padding: 10px; margin-bottom: 20px;\" >FORMA DE PAGO<\/h4>\n<p>Marque con una \"X\" la forma de pago a utilizar.<br\/><\/p>\n<p><span class=\"wpcf7-form-control-wrap\" data-name=\"radio-599\"><span class=\"wpcf7-form-control wpcf7-radio\"><span class=\"wpcf7-list-item first last\"><label><input type=\"radio\" name=\"radio-599\" value=\"Dep\u00f3sito o Transferencia Bancaria en US$ D\u00f3lares en la cuenta de ALIDE\" checked=\"checked\" \/><span class=\"wpcf7-list-item-label\">Dep\u00f3sito o Transferencia Bancaria en US$ D\u00f3lares en la cuenta de ALIDE<\/span><\/label><\/span><\/span><\/span><br \/>\nN\u00ba 75022011-3, from Banco do Brasil S.A.  (New York).<br \/>\nAddress: 535 Madison Avenue 33rd floor, New York, N.Y. 10022, USA<br \/>\nABA: 026003557<br \/>\nSWIFT: BRASUS33\" \"Pago con tarjeta de cr\u00e9dito o d\u00e9bito (Visa\/MasterCard)<br\/><\/p>\n<p><span class=\"wpcf7-form-control-wrap\" data-name=\"radio-599\"><span class=\"wpcf7-form-control wpcf7-radio\"><span class=\"wpcf7-list-item first last\"><label><input type=\"radio\" name=\"radio-599\" value=\"Pago con tarjeta de cr\u00e9dito (Visa\/MasterCard)\" checked=\"checked\" \/><span class=\"wpcf7-list-item-label\">Pago con tarjeta de cr\u00e9dito (Visa\/MasterCard)<\/span><\/label><\/span><\/span><\/span><\/p>\n<h5 style=\"color: #207b8a; padding: 10px; margin-bottom: 20px;\" >NOTA: Favor de enviar la copia de la transferencia o dep\u00f3sito a la Sra. Marlene Zamora, mzamora@alide.org<\/h5>\n<div style=\"text-align: center !important;\"><input type=\"submit\" value=\"ENVIAR REGISTRO\" class=\"wpcf7-form-control has-spinner wpcf7-submit\" \/><\/div>\n<div class=\"wpcf7-response-output\" aria-hidden=\"true\"><\/div><\/form><\/div>\n<p>\t\t\t\t\t\t\t\t\t\t\t\t\t\t\t<img decoding=\"async\" width=\"600\" height=\"400\" src=\"https:\/\/asambleaalide.org\/Asambleas\/alide_53\/wp-content\/uploads\/2023\/04\/registro.jpg\" alt=\"\" loading=\"lazy\" srcset=\"https:\/\/asambleaalide.org\/Asambleas\/alide_53\/wp-content\/uploads\/2023\/04\/registro.jpg 600w, https:\/\/asambleaalide.org\/Asambleas\/alide_53\/wp-content\/uploads\/2023\/04\/registro-300x200.jpg 300w, https:\/\/asambleaalide.org\/Asambleas\/alide_53\/wp-content\/uploads\/2023\/04\/registro-370x247.jpg 370w\" sizes=\"(max-width: 600px) 100vw, 600px\" \/><br \/>\n\t\t\t<a href=\"https:\/\/asambleaalide.org\/Asambleas\/alide_53\/wp-content\/uploads\/2023\/04\/Formulario-inscripcion-Registration-Form_ALIDE-53.xlsx\" role=\"button\"><br \/>\n\t\t\t\t\t\tDescargar el formulario<br \/>\n\t\t\t\t\t<\/a><\/p>\n<h5><strong>REGISTRO<\/strong><\/h5>\n<ul>\n<li>Miembro de ALIDE \u00a0:\u00a0 <strong>\u00a0 US$700<\/strong><\/li>\n<li>No miembro de ALIDE :\u00a0 <strong>US$1,000<\/strong><\/li>\n<li>Organismos internacionales : Exempt<\/li>\n<\/ul>\n<ul>\n<li>Honduras: :\u00a0\u00a0\u00a0\u00a0\u00a0\u00a0\u00a0\u00a0\u00a0\u00a0\u00a0\u00a0\u00a0\u00a0<strong> US$300<\/strong><\/li>\n<li>Participaci\u00f3n virtual : \u00a0\u00a0<strong>US$150<\/strong><\/li>\n<\/ul>\n<p>&nbsp;<br \/>\n\t\t\t\t\t\t\t\t\t\t\t\t\t\t\t<img decoding=\"async\" width=\"1024\" height=\"28\" src=\"https:\/\/asambleaalide.org\/Asambleas\/alide_53\/wp-content\/uploads\/2023\/02\/rect552-1024x28.png\" alt=\"\" loading=\"lazy\" srcset=\"https:\/\/asambleaalide.org\/Asambleas\/alide_53\/wp-content\/uploads\/2023\/02\/rect552-1024x28.png 1024w, https:\/\/asambleaalide.org\/Asambleas\/alide_53\/wp-content\/uploads\/2023\/02\/rect552-300x8.png 300w, https:\/\/asambleaalide.org\/Asambleas\/alide_53\/wp-content\/uploads\/2023\/02\/rect552-768x21.png 768w, https:\/\/asambleaalide.org\/Asambleas\/alide_53\/wp-content\/uploads\/2023\/02\/rect552-1536x42.png 1536w, https:\/\/asambleaalide.org\/Asambleas\/alide_53\/wp-content\/uploads\/2023\/02\/rect552-2048x56.png 2048w\" sizes=\"(max-width: 1024px) 100vw, 1024px\" \/><br \/>\n\t\t\t\t\t\t\t\t\t\t\t\t\t\t\t<img decoding=\"async\" width=\"1024\" height=\"28\" src=\"https:\/\/asambleaalide.org\/Asambleas\/alide_53\/wp-content\/uploads\/2023\/02\/rect552-1024x28.png\" alt=\"\" loading=\"lazy\" srcset=\"https:\/\/asambleaalide.org\/Asambleas\/alide_53\/wp-content\/uploads\/2023\/02\/rect552-1024x28.png 1024w, https:\/\/asambleaalide.org\/Asambleas\/alide_53\/wp-content\/uploads\/2023\/02\/rect552-300x8.png 300w, https:\/\/asambleaalide.org\/Asambleas\/alide_53\/wp-content\/uploads\/2023\/02\/rect552-768x21.png 768w, https:\/\/asambleaalide.org\/Asambleas\/alide_53\/wp-content\/uploads\/2023\/02\/rect552-1536x42.png 1536w, https:\/\/asambleaalide.org\/Asambleas\/alide_53\/wp-content\/uploads\/2023\/02\/rect552-2048x56.png 2048w\" sizes=\"(max-width: 1024px) 100vw, 1024px\" \/><br \/>\n\t\t\t\t\t\t\t\t\t\t\t\t\t\t\t<img decoding=\"async\" width=\"1024\" height=\"339\" src=\"https:\/\/asambleaalide.org\/Asambleas\/alide_53\/wp-content\/uploads\/2023\/04\/logo-esp-1-1024x339.png\" alt=\"\" loading=\"lazy\" srcset=\"https:\/\/asambleaalide.org\/Asambleas\/alide_53\/wp-content\/uploads\/2023\/04\/logo-esp-1-1024x339.png 1024w, https:\/\/asambleaalide.org\/Asambleas\/alide_53\/wp-content\/uploads\/2023\/04\/logo-esp-1-300x99.png 300w, https:\/\/asambleaalide.org\/Asambleas\/alide_53\/wp-content\/uploads\/2023\/04\/logo-esp-1-768x254.png 768w, https:\/\/asambleaalide.org\/Asambleas\/alide_53\/wp-content\/uploads\/2023\/04\/logo-esp-1.png 1500w\" sizes=\"(max-width: 1024px) 100vw, 1024px\" \/><br \/>\n\t\t\t<strong>LUGAR Y FECHA<\/strong><\/p>\n<p>COPANTL Hotel &amp; Convention Center<br \/>\nResidencial Los Arcos, Blvr. del Sur 21104,<br \/>\nSan Pedro Sula, Honduras<br \/>\n<a href=\"https:\/\/copantl.com\/\">www.copantl.com<\/a><br \/>Mi\u00e9rcoles 31 de mayo al viernes 2 de junio del 2023<br \/>\n<strong>CONTACTO<\/strong><BR\/><BR\/><br \/>\nALIDE<BR\/><br \/>\n<strong>Marlene Zamora<\/strong><BR\/><br \/>\nJefe, Unidad de Conferencias<BR\/><br \/>\nCelular\/WhatsApp: (+51) 980421324<BR\/><br \/>\nE-mail:\u00a0<a style=\"color: #000;\" href=\"mailto:mzamora@alide.org\">mzamora@alide.org<\/a>\u00a0 \u00a0\/\u00a0 \u00a0<a style=\"color: #000;\" href=\"http:\/\/www.alide.org\">www.alide.org<\/a><br \/>\n\t\t\t\t\t<a href=\"https:\/\/www.facebook.com\/alideoficial\/\" target=\"_blank\" rel=\"noopener\"><br \/>\n\t\t\t\t\t\tFacebook<br \/>\n\t\t\t\t\t\t\t\t\t\t\t<\/a><br \/>\n\t\t\t\t\t<a href=\"https:\/\/twitter.com\/_ALIDE_\" target=\"_blank\" rel=\"noopener\"><br \/>\n\t\t\t\t\t\tTwitter<br \/>\n\t\t\t\t\t\t\t\t\t\t\t<\/a><br \/>\n\t\t\t\t\t<a href=\"https:\/\/www.youtube.com\/user\/ALIDEVIDEOS\" target=\"_blank\" rel=\"noopener\"><br \/>\n\t\t\t\t\t\tYoutube<br \/>\n\t\t\t\t\t\t\t\t\t\t\t<\/a><br \/>\n\t\t\t\t\t<a href=\"https:\/\/www.linkedin.com\/company\/alide---asociaci-n-latinoamericana-de-instituciones-financieras-para-el-desarrollo?trk=fc_badge&#038;original_referer=\" target=\"_blank\" rel=\"noopener\"><br \/>\n\t\t\t\t\t\tLinkedin<br \/>\n\t\t\t\t\t\t\t\t\t\t\t<\/a><\/p>\n","protected":false},"excerpt":{"rendered":"<p>REGISTRO Inicio \/ Registro Descargar el formulario REGISTRO Miembro de ALIDE \u00a0:\u00a0 \u00a0 US$700 No miembro de ALIDE :\u00a0 US$1,000 Organismos internacionales : Exempt Honduras: :\u00a0\u00a0\u00a0\u00a0\u00a0\u00a0\u00a0\u00a0\u00a0\u00a0\u00a0\u00a0\u00a0\u00a0 US$300 Participaci\u00f3n virtual : \u00a0\u00a0US$150 &nbsp; LUGAR Y FECHA COPANTL Hotel &amp; Convention Center Residencial Los Arcos, Blvr. del Sur 21104, San Pedro Sula, Honduras [&hellip;]<\/p>\n","protected":false},"author":2,"featured_media":0,"parent":0,"menu_order":0,"comment_status":"closed","ping_status":"closed","template":"elementor_header_footer","meta":[],"translation":{"provider":"WPGlobus","version":"2.10.10","language":"es","enabled_languages":["es","en"],"languages":{"es":{"title":true,"content":true,"excerpt":false},"en":{"title":true,"content":true,"excerpt":false}}},"yoast_head":"<!-- This site is optimized with the Yoast SEO plugin v19.3 - https:\/\/yoast.com\/wordpress\/plugins\/seo\/ -->\n<title>REGISTRO - ALIDE 53<\/title>\n<meta name=\"robots\" content=\"index, follow, max-snippet:-1, max-image-preview:large, max-video-preview:-1\" \/>\n<link rel=\"canonical\" href=\"https:\/\/asambleaalide.org\/Asambleas\/alide_53\/registro\/\" \/>\n<meta property=\"og:locale\" content=\"es_ES\" \/>\n<meta property=\"og:type\" content=\"article\" \/>\n<meta property=\"og:title\" content=\"REGISTRO - ALIDE 53\" \/>\n<meta property=\"og:url\" content=\"https:\/\/asambleaalide.org\/Asambleas\/alide_53\/registro\/\" \/>\n<meta property=\"og:site_name\" content=\"ALIDE 53\" \/>\n<meta property=\"article:modified_time\" content=\"2023-04-19T14:04:09+00:00\" \/>\n<meta property=\"og:image\" content=\"https:\/\/asambleaalide.org\/Asambleas\/alide_53\/wp-content\/uploads\/2021\/09\/Asesoria-y-Auditoria-Tributaria-V02.jpg\" \/>\n\t<meta property=\"og:image:width\" content=\"1550\" \/>\n\t<meta property=\"og:image:height\" content=\"280\" \/>\n\t<meta property=\"og:image:type\" content=\"image\/jpeg\" \/>\n<meta name=\"twitter:card\" content=\"summary_large_image\" \/>\n<meta name=\"twitter:label1\" content=\"Tiempo de lectura\" \/>\n\t<meta name=\"twitter:data1\" content=\"2 minutos\" \/>\n<script type=\"application\/ld+json\" class=\"yoast-schema-graph\">{\"@context\":\"https:\/\/schema.org\",\"@graph\":[{\"@type\":\"WebSite\",\"@id\":\"https:\/\/asambleaalide.org\/Asambleas\/alide_53\/#website\",\"url\":\"https:\/\/asambleaalide.org\/Asambleas\/alide_53\/\",\"name\":\"ALIDE 53\",\"description\":\"ALIDE 53\",\"potentialAction\":[{\"@type\":\"SearchAction\",\"target\":{\"@type\":\"EntryPoint\",\"urlTemplate\":\"https:\/\/asambleaalide.org\/Asambleas\/alide_53\/?s={search_term_string}\"},\"query-input\":\"required name=search_term_string\"}],\"inLanguage\":\"es\"},{\"@type\":\"ImageObject\",\"inLanguage\":\"es\",\"@id\":\"https:\/\/asambleaalide.org\/Asambleas\/alide_53\/registro\/#primaryimage\",\"url\":\"https:\/\/asambleaalide.org\/Asambleas\/alide_53\/wp-content\/uploads\/2023\/04\/registro.jpg\",\"contentUrl\":\"https:\/\/asambleaalide.org\/Asambleas\/alide_53\/wp-content\/uploads\/2023\/04\/registro.jpg\",\"width\":600,\"height\":400},{\"@type\":\"WebPage\",\"@id\":\"https:\/\/asambleaalide.org\/Asambleas\/alide_53\/registro\/\",\"url\":\"https:\/\/asambleaalide.org\/Asambleas\/alide_53\/registro\/\",\"name\":\"REGISTRO - ALIDE 53\",\"isPartOf\":{\"@id\":\"https:\/\/asambleaalide.org\/Asambleas\/alide_53\/#website\"},\"primaryImageOfPage\":{\"@id\":\"https:\/\/asambleaalide.org\/Asambleas\/alide_53\/registro\/#primaryimage\"},\"datePublished\":\"2023-03-16T13:25:53+00:00\",\"dateModified\":\"2023-04-19T14:04:09+00:00\",\"breadcrumb\":{\"@id\":\"https:\/\/asambleaalide.org\/Asambleas\/alide_53\/registro\/#breadcrumb\"},\"inLanguage\":\"es\",\"potentialAction\":[{\"@type\":\"ReadAction\",\"target\":[\"https:\/\/asambleaalide.org\/Asambleas\/alide_53\/registro\/\"]}]},{\"@type\":\"BreadcrumbList\",\"@id\":\"https:\/\/asambleaalide.org\/Asambleas\/alide_53\/registro\/#breadcrumb\",\"itemListElement\":[{\"@type\":\"ListItem\",\"position\":1,\"name\":\"Portada\",\"item\":\"https:\/\/asambleaalide.org\/Asambleas\/alide_53\/\"},{\"@type\":\"ListItem\",\"position\":2,\"name\":\"REGISTRO\"}]}]}<\/script>\n<!-- \/ Yoast SEO plugin. -->","yoast_head_json":{"title":"REGISTRO - ALIDE 53","robots":{"index":"index","follow":"follow","max-snippet":"max-snippet:-1","max-image-preview":"max-image-preview:large","max-video-preview":"max-video-preview:-1"},"canonical":"https:\/\/asambleaalide.org\/Asambleas\/alide_53\/registro\/","og_locale":"es_ES","og_type":"article","og_title":"REGISTRO - ALIDE 53","og_url":"https:\/\/asambleaalide.org\/Asambleas\/alide_53\/registro\/","og_site_name":"ALIDE 53","article_modified_time":"2023-04-19T14:04:09+00:00","og_image":[{"width":1550,"height":280,"url":"https:\/\/asambleaalide.org\/Asambleas\/alide_53\/wp-content\/uploads\/2021\/09\/Asesoria-y-Auditoria-Tributaria-V02.jpg","type":"image\/jpeg"}],"twitter_card":"summary_large_image","twitter_misc":{"Tiempo de lectura":"2 minutos"},"schema":{"@context":"https:\/\/schema.org","@graph":[{"@type":"WebSite","@id":"https:\/\/asambleaalide.org\/Asambleas\/alide_53\/#website","url":"https:\/\/asambleaalide.org\/Asambleas\/alide_53\/","name":"ALIDE 53","description":"ALIDE 53","potentialAction":[{"@type":"SearchAction","target":{"@type":"EntryPoint","urlTemplate":"https:\/\/asambleaalide.org\/Asambleas\/alide_53\/?s={search_term_string}"},"query-input":"required name=search_term_string"}],"inLanguage":"es"},{"@type":"ImageObject","inLanguage":"es","@id":"https:\/\/asambleaalide.org\/Asambleas\/alide_53\/registro\/#primaryimage","url":"https:\/\/asambleaalide.org\/Asambleas\/alide_53\/wp-content\/uploads\/2023\/04\/registro.jpg","contentUrl":"https:\/\/asambleaalide.org\/Asambleas\/alide_53\/wp-content\/uploads\/2023\/04\/registro.jpg","width":600,"height":400},{"@type":"WebPage","@id":"https:\/\/asambleaalide.org\/Asambleas\/alide_53\/registro\/","url":"https:\/\/asambleaalide.org\/Asambleas\/alide_53\/registro\/","name":"REGISTRO - ALIDE 53","isPartOf":{"@id":"https:\/\/asambleaalide.org\/Asambleas\/alide_53\/#website"},"primaryImageOfPage":{"@id":"https:\/\/asambleaalide.org\/Asambleas\/alide_53\/registro\/#primaryimage"},"datePublished":"2023-03-16T13:25:53+00:00","dateModified":"2023-04-19T14:04:09+00:00","breadcrumb":{"@id":"https:\/\/asambleaalide.org\/Asambleas\/alide_53\/registro\/#breadcrumb"},"inLanguage":"es","potentialAction":[{"@type":"ReadAction","target":["https:\/\/asambleaalide.org\/Asambleas\/alide_53\/registro\/"]}]},{"@type":"BreadcrumbList","@id":"https:\/\/asambleaalide.org\/Asambleas\/alide_53\/registro\/#breadcrumb","itemListElement":[{"@type":"ListItem","position":1,"name":"Portada","item":"https:\/\/asambleaalide.org\/Asambleas\/alide_53\/"},{"@type":"ListItem","position":2,"name":"REGISTRO"}]}]}},"_links":{"self":[{"href":"https:\/\/asambleaalide.org\/Asambleas\/alide_53\/wp-json\/wp\/v2\/pages\/5782"}],"collection":[{"href":"https:\/\/asambleaalide.org\/Asambleas\/alide_53\/wp-json\/wp\/v2\/pages"}],"about":[{"href":"https:\/\/asambleaalide.org\/Asambleas\/alide_53\/wp-json\/wp\/v2\/types\/page"}],"author":[{"embeddable":true,"href":"https:\/\/asambleaalide.org\/Asambleas\/alide_53\/wp-json\/wp\/v2\/users\/2"}],"replies":[{"embeddable":true,"href":"https:\/\/asambleaalide.org\/Asambleas\/alide_53\/wp-json\/wp\/v2\/comments?post=5782"}],"version-history":[{"count":62,"href":"https:\/\/asambleaalide.org\/Asambleas\/alide_53\/wp-json\/wp\/v2\/pages\/5782\/revisions"}],"predecessor-version":[{"id":6529,"href":"https:\/\/asambleaalide.org\/Asambleas\/alide_53\/wp-json\/wp\/v2\/pages\/5782\/revisions\/6529"}],"wp:attachment":[{"href":"https:\/\/asambleaalide.org\/Asambleas\/alide_53\/wp-json\/wp\/v2\/media?parent=5782"}],"curies":[{"name":"wp","href":"https:\/\/api.w.org\/{rel}","templated":true}]}}